{"id":735,"date":"2024-11-30T15:18:03","date_gmt":"2024-11-30T15:18:03","guid":{"rendered":"https:\/\/acditogo.org\/?page_id=735"},"modified":"2024-12-10T13:59:22","modified_gmt":"2024-12-10T13:59:22","slug":"rural-healthcare-environment","status":"publish","type":"page","link":"https:\/\/acditogo.org\/fr\/rural-healthcare-environment\/","title":{"rendered":"Soins de sant\u00e9 en milieu rural, hygi\u00e8ne et assainissement"},"content":{"rendered":"[et_pb_section fb_built=&#8221;1&#8243; _builder_version=&#8221;4.27.2&#8243; _module_preset=&#8221;default&#8221; top_divider_style=&#8221;asymmetric4&#8243; top_divider_color=&#8221;#E09900&#8243; da_disable_devices=&#8221;off|off|off&#8221; global_colors_info=&#8221;{}&#8221; da_is_popup=&#8221;off&#8221; da_exit_intent=&#8221;off&#8221; da_has_close=&#8221;on&#8221; da_alt_close=&#8221;off&#8221; da_dark_close=&#8221;off&#8221; da_not_modal=&#8221;on&#8221; da_is_singular=&#8221;off&#8221; da_with_loader=&#8221;off&#8221; da_has_shadow=&#8221;on&#8221;][et_pb_row _builder_version=&#8221;4.27.2&#8243; _module_preset=&#8221;default&#8221; global_colors_info=&#8221;{}&#8221;][et_pb_column type=&#8221;4_4&#8243; _builder_version=&#8221;4.27.2&#8243; _module_preset=&#8221;default&#8221; global_colors_info=&#8221;{}&#8221;][et_pb_post_title meta=&#8221;off&#8221; _builder_version=&#8221;4.27.2&#8243; _module_preset=&#8221;default&#8221; title_font=&#8221;|700|||||||&#8221; title_font_size=&#8221;30px&#8221; global_colors_info=&#8221;{}&#8221;][\/et_pb_post_title][\/et_pb_column][\/et_pb_row][et_pb_row column_structure=&#8221;1_2,1_2&#8243; _builder_version=&#8221;4.27.2&#8243; _module_preset=&#8221;default&#8221; global_colors_info=&#8221;{}&#8221;][et_pb_column type=&#8221;1_2&#8243; _builder_version=&#8221;4.27.2&#8243; _module_preset=&#8221;default&#8221; global_colors_info=&#8221;{}&#8221;][et_pb_video src=&#8221;https:\/\/www.youtube.com\/watch?v=K65ot9EYLls&#8221; _builder_version=&#8221;4.27.2&#8243; _module_preset=&#8221;default&#8221; custom_padding=&#8221;47px||||false|false&#8221; global_colors_info=&#8221;{}&#8221;][\/et_pb_video][\/et_pb_column][et_pb_column type=&#8221;1_2&#8243; _builder_version=&#8221;4.27.2&#8243; _module_preset=&#8221;default&#8221; global_colors_info=&#8221;{}&#8221;][et_pb_text _builder_version=&#8221;4.27.2&#8243; _module_preset=&#8221;default&#8221; global_colors_info=&#8221;{}&#8221;]<p class=\"tm6\"><span class=\"tm7\" style=\"font-size: large;\"><\/span><\/p>\n<p class=\"tm6\"><span class=\"tm7\" style=\"font-size: large;\"><\/span><\/p>\n<p class=\"tm6\"><span class=\"tm7\" style=\"font-size: large;\"><\/span><\/p>\n<p class=\"tm6\"><span class=\"tm7\" style=\"font-size: large;\"><\/span><\/p>\n<p class=\"tm6\"><span class=\"tm7\" style=\"font-size: large;\"><\/span><\/p>\n<p class=\"tm6\"><span class=\"tm7\" style=\"font-size: large;\"><\/span><\/p>\n<p class=\"tm6\"><span class=\"tm7\" style=\"font-size: large;\"><\/span><\/p>\n<p class=\"tm6\"><span class=\"tm7\" style=\"font-size: large;\">Une bonne sant\u00e9 et un environnement propre sont essentiels au bien-\u00eatre de toute communaut\u00e9. Nos programmes de sant\u00e9 rurale et d'environnement ont touch\u00e9 de nombreuses vies en fournissant des soins m\u00e9dicaux aux personnes qui en ont le plus besoin. En outre, nous avons form\u00e9 les communaut\u00e9s aux pratiques d'hygi\u00e8ne et d'assainissement, en leur donnant les connaissances n\u00e9cessaires pour mener une vie plus saine et plus durable...<\/span><\/p>[\/et_pb_text][\/et_pb_column][\/et_pb_row][et_pb_row _builder_version=&#8221;4.27.2&#8243; _module_preset=&#8221;default&#8221; global_colors_info=&#8221;{}&#8221;][et_pb_column type=&#8221;4_4&#8243; _builder_version=&#8221;4.27.2&#8243; _module_preset=&#8221;default&#8221; global_colors_info=&#8221;{}&#8221;][et_pb_divider _builder_version=&#8221;4.27.2&#8243; _module_preset=&#8221;default&#8221; global_colors_info=&#8221;{}&#8221;][\/et_pb_divider][\/et_pb_column][\/et_pb_row][et_pb_row _builder_version=&#8221;4.27.2&#8243; _module_preset=&#8221;default&#8221; global_colors_info=&#8221;{}&#8221;][et_pb_column type=&#8221;4_4&#8243; _builder_version=&#8221;4.27.2&#8243; _module_preset=&#8221;default&#8221; global_colors_info=&#8221;{}&#8221;][et_pb_text _builder_version=&#8221;4.27.2&#8243; _module_preset=&#8221;default&#8221; global_colors_info=&#8221;{}&#8221;]<h2><strong>Photos<\/strong><\/h2>[\/et_pb_text][et_pb_gallery gallery_ids=&#8221;18,32,81,80,90,91,92,84,77,66,47,48,45&#8243; show_title_and_caption=&#8221;off&#8221; _builder_version=&#8221;4.27.2&#8243; _module_preset=&#8221;default&#8221; global_colors_info=&#8221;{}&#8221;][\/et_pb_gallery][\/et_pb_column][\/et_pb_row][\/et_pb_section][et_pb_section fb_built=&#8221;1&#8243; disabled_on=&#8221;off|off|off&#8221; _builder_version=&#8221;4.27.2&#8243; _module_preset=&#8221;default&#8221; background_enable_pattern_style=&#8221;on&#8221; background_pattern_style=&#8221;tufted&#8221; background_pattern_color=&#8221;#E09900&#8243; da_disable_devices=&#8221;off|off|off&#8221; global_colors_info=&#8221;{}&#8221; da_is_popup=&#8221;off&#8221; da_exit_intent=&#8221;off&#8221; da_has_close=&#8221;on&#8221; da_alt_close=&#8221;off&#8221; da_dark_close=&#8221;off&#8221; da_not_modal=&#8221;on&#8221; da_is_singular=&#8221;off&#8221; da_with_loader=&#8221;off&#8221; da_has_shadow=&#8221;on&#8221;][et_pb_row _builder_version=&#8221;4.27.2&#8243; _module_preset=&#8221;default&#8221; global_colors_info=&#8221;{}&#8221;][et_pb_column type=&#8221;4_4&#8243; _builder_version=&#8221;4.27.2&#8243; _module_preset=&#8221;default&#8221; global_colors_info=&#8221;{}&#8221;][et_pb_text _builder_version=&#8221;4.27.2&#8243; _module_preset=&#8221;default&#8221; global_colors_info=&#8221;{}&#8221;]<h2 class=\"p1\" style=\"text-align: center;\"><b>Rejoignez-nous pour faire la diff\u00e9rence. Faites un don !<\/b><\/h2>[\/et_pb_text][\/et_pb_column][\/et_pb_row][et_pb_row _builder_version=&#8221;4.27.2&#8243; _module_preset=&#8221;default&#8221; global_colors_info=&#8221;{}&#8221;][et_pb_column type=&#8221;4_4&#8243; _builder_version=&#8221;4.27.2&#8243; _module_preset=&#8221;default&#8221; global_colors_info=&#8221;{}&#8221;][ba_dual_button btn_alignment=&#8221;center&#8221; btn_a_text=&#8221;Donate now&#8221; btn_a_link=&#8221;@ET-DC@eyJkeW5hbWljIjp0cnVlLCJjb250ZW50IjoicG9zdF9saW5rX3VybF9wYWdlIiwic2V0dGluZ3MiOnsicG9zdF9pZCI6IjYyMCJ9fQ==@&#8221; btn_b_text=&#8221;Get in touch &#8221; btn_b_link=&#8221;@ET-DC@eyJkeW5hbWljIjp0cnVlLCJjb250ZW50IjoicG9zdF9saW5rX3VybF9wYWdlIiwic2V0dGluZ3MiOnsicG9zdF9pZCI6IjI0NiJ9fQ==@&#8221; _builder_version=&#8221;4.27.2&#8243; _dynamic_attributes=&#8221;btn_a_link,btn_b_link&#8221; _module_preset=&#8221;default&#8221; background_color=&#8221;RGBA(255,255,255,0)&#8221; custom_btn_a=&#8221;on&#8221; btn_a_text_color=&#8221;#FFFFFF&#8221; btn_a_bg_color=&#8221;#E09900&#8243; custom_btn_b=&#8221;on&#8221; btn_b_text_color=&#8221;#FFFFFF&#8221; btn_b_bg_color=&#8221;#7CDA24&#8243; global_colors_info=&#8221;{}&#8221;][\/ba_dual_button][\/et_pb_column][\/et_pb_row][\/et_pb_section][et_pb_section fb_built=&#8221;1&#8243; _builder_version=&#8221;4.27.2&#8243; _module_preset=&#8221;default&#8221; da_disable_devices=&#8221;off|off|off&#8221; global_colors_info=&#8221;{}&#8221; da_is_popup=&#8221;off&#8221; da_exit_intent=&#8221;off&#8221; da_has_close=&#8221;on&#8221; da_alt_close=&#8221;off&#8221; da_dark_close=&#8221;off&#8221; da_not_modal=&#8221;on&#8221; da_is_singular=&#8221;off&#8221; da_with_loader=&#8221;off&#8221; da_has_shadow=&#8221;on&#8221;][et_pb_row _builder_version=&#8221;4.27.2&#8243; _module_preset=&#8221;default&#8221; global_colors_info=&#8221;{}&#8221;][et_pb_column type=&#8221;4_4&#8243; _builder_version=&#8221;4.27.2&#8243; _module_preset=&#8221;default&#8221; global_colors_info=&#8221;{}&#8221;][et_pb_text _builder_version=&#8221;4.27.2&#8243; _module_preset=&#8221;default&#8221; global_colors_info=&#8221;{}&#8221;]<h2><strong>Nouvelles du programme<\/strong><\/h2>[\/et_pb_text][\/et_pb_column][\/et_pb_row][et_pb_row disabled_on=&#8221;on|on|on&#8221; _builder_version=&#8221;4.27.2&#8243; _module_preset=&#8221;default&#8221; disabled=&#8221;on&#8221; global_colors_info=&#8221;{}&#8221;][et_pb_column type=&#8221;4_4&#8243; _builder_version=&#8221;4.27.2&#8243; _module_preset=&#8221;default&#8221; global_colors_info=&#8221;{}&#8221;][et_pb_blog fullwidth=&#8221;off&#8221; posts_number=&#8221;3&#8243; show_author=&#8221;off&#8221; show_date=&#8221;off&#8221; _builder_version=&#8221;4.27.2&#8243; _module_preset=&#8221;default&#8221; global_colors_info=&#8221;{}&#8221;][\/et_pb_blog][\/et_pb_column][\/et_pb_row][\/et_pb_section]","protected":false},"excerpt":{"rendered":"<p>Good health and a clean environment are essential for the well-being of any community. Our Rural Healthcare &amp; Environment programs have touched many lives by providing medical care to individuals who need it most. Additionally, we have educated communities on hygiene and sanitation practices, equipping them with the knowledge to live healthier and more sustainable [&hellip;]<\/p>","protected":false},"author":1,"featured_media":0,"parent":0,"menu_order":0,"comment_status":"closed","ping_status":"closed","template":"","meta":{"_et_pb_use_builder":"on","_et_pb_old_content":"<!-- wp:divi\/placeholder \/-->","_et_gb_content_width":"","footnotes":""},"class_list":["post-735","page","type-page","status-publish","hentry"],"yoast_head":"<!-- This site is optimized with the Yoast SEO plugin v24.0 - https:\/\/yoast.com\/wordpress\/plugins\/seo\/ -->\n<title>Rural healthcare ,hygiene and sanitation - ONG ACDI Togo<\/title>\n<meta name=\"robots\" content=\"index, follow, max-snippet:-1, max-image-preview:large, max-video-preview:-1\" \/>\n<link rel=\"canonical\" href=\"https:\/\/acditogo.org\/fr\/rural-healthcare-environment\/\" \/>\n<meta property=\"og:locale\" content=\"fr_FR\" \/>\n<meta property=\"og:type\" content=\"article\" \/>\n<meta property=\"og:title\" content=\"Rural healthcare ,hygiene and sanitation - ONG ACDI Togo\" \/>\n<meta property=\"og:description\" content=\"Good health and a clean environment are essential for the well-being of any community. Our Rural Healthcare &amp; Environment programs have touched many lives by providing medical care to individuals who need it most. Additionally, we have educated communities on hygiene and sanitation practices, equipping them with the knowledge to live healthier and more sustainable [&hellip;]\" \/>\n<meta property=\"og:url\" content=\"https:\/\/acditogo.org\/fr\/rural-healthcare-environment\/\" \/>\n<meta property=\"og:site_name\" content=\"ONG ACDI Togo\" \/>\n<meta property=\"article:publisher\" content=\"https:\/\/web.facebook.com\/profile.php?id=61564047366653\" \/>\n<meta property=\"article:modified_time\" content=\"2024-12-10T13:59:22+00:00\" \/>\n<meta name=\"twitter:card\" content=\"summary_large_image\" \/>\n<meta name=\"twitter:site\" content=\"@Acdi2005\" \/>\n<meta name=\"twitter:label1\" content=\"Dur\u00e9e de lecture estim\u00e9e\" \/>\n\t<meta name=\"twitter:data1\" content=\"3 minutes\" \/>\n<script type=\"application\/ld+json\" class=\"yoast-schema-graph\">{\"@context\":\"https:\/\/schema.org\",\"@graph\":[{\"@type\":\"WebPage\",\"@id\":\"https:\/\/acditogo.org\/fr\/rural-healthcare-environment\/\",\"url\":\"https:\/\/acditogo.org\/fr\/rural-healthcare-environment\/\",\"name\":\"Rural healthcare ,hygiene and sanitation - ONG ACDI Togo\",\"isPartOf\":{\"@id\":\"https:\/\/acditogo.org\/#website\"},\"datePublished\":\"2024-11-30T15:18:03+00:00\",\"dateModified\":\"2024-12-10T13:59:22+00:00\",\"breadcrumb\":{\"@id\":\"https:\/\/acditogo.org\/fr\/rural-healthcare-environment\/#breadcrumb\"},\"inLanguage\":\"fr-FR\",\"potentialAction\":[{\"@type\":\"ReadAction\",\"target\":[\"https:\/\/acditogo.org\/fr\/rural-healthcare-environment\/\"]}]},{\"@type\":\"BreadcrumbList\",\"@id\":\"https:\/\/acditogo.org\/fr\/rural-healthcare-environment\/#breadcrumb\",\"itemListElement\":[{\"@type\":\"ListItem\",\"position\":1,\"name\":\"Home\",\"item\":\"https:\/\/acditogo.org\/\"},{\"@type\":\"ListItem\",\"position\":2,\"name\":\"Rural healthcare ,hygiene and sanitation\"}]},{\"@type\":\"WebSite\",\"@id\":\"https:\/\/acditogo.org\/#website\",\"url\":\"https:\/\/acditogo.org\/\",\"name\":\"ONG ACDI Togo\",\"description\":\"ACDI has been steadfast in our commitment to fostering solidarity and sustainable development throughout Togo. We strive to uplift and empower underserved communities through innovative solutions and meaningful partnerships. From our headquarters in Lom\u00e9.\",\"publisher\":{\"@id\":\"https:\/\/acditogo.org\/#organization\"},\"potentialAction\":[{\"@type\":\"SearchAction\",\"target\":{\"@type\":\"EntryPoint\",\"urlTemplate\":\"https:\/\/acditogo.org\/?s={search_term_string}\"},\"query-input\":{\"@type\":\"PropertyValueSpecification\",\"valueRequired\":true,\"valueName\":\"search_term_string\"}}],\"inLanguage\":\"fr-FR\"},{\"@type\":\"Organization\",\"@id\":\"https:\/\/acditogo.org\/#organization\",\"name\":\"ACDI\",\"url\":\"https:\/\/acditogo.org\/\",\"logo\":{\"@type\":\"ImageObject\",\"inLanguage\":\"fr-FR\",\"@id\":\"https:\/\/acditogo.org\/#\/schema\/logo\/image\/\",\"url\":\"https:\/\/acditogo.org\/wp-content\/uploads\/2024\/11\/307275006_404412328534829_4437087148622862411_n.png\",\"contentUrl\":\"https:\/\/acditogo.org\/wp-content\/uploads\/2024\/11\/307275006_404412328534829_4437087148622862411_n.png\",\"width\":472,\"height\":472,\"caption\":\"ACDI\"},\"image\":{\"@id\":\"https:\/\/acditogo.org\/#\/schema\/logo\/image\/\"},\"sameAs\":[\"https:\/\/web.facebook.com\/profile.php?id=61564047366653\",\"https:\/\/x.com\/Acdi2005\"]}]}<\/script>\n<!-- \/ Yoast SEO plugin. -->","yoast_head_json":{"title":"Rural healthcare ,hygiene and sanitation - ONG ACDI Togo","robots":{"index":"index","follow":"follow","max-snippet":"max-snippet:-1","max-image-preview":"max-image-preview:large","max-video-preview":"max-video-preview:-1"},"canonical":"https:\/\/acditogo.org\/fr\/rural-healthcare-environment\/","og_locale":"fr_FR","og_type":"article","og_title":"Rural healthcare ,hygiene and sanitation - ONG ACDI Togo","og_description":"Good health and a clean environment are essential for the well-being of any community. Our Rural Healthcare &amp; Environment programs have touched many lives by providing medical care to individuals who need it most. Additionally, we have educated communities on hygiene and sanitation practices, equipping them with the knowledge to live healthier and more sustainable [&hellip;]","og_url":"https:\/\/acditogo.org\/fr\/rural-healthcare-environment\/","og_site_name":"ONG ACDI Togo","article_publisher":"https:\/\/web.facebook.com\/profile.php?id=61564047366653","article_modified_time":"2024-12-10T13:59:22+00:00","twitter_card":"summary_large_image","twitter_site":"@Acdi2005","twitter_misc":{"Dur\u00e9e de lecture estim\u00e9e":"3 minutes"},"schema":{"@context":"https:\/\/schema.org","@graph":[{"@type":"WebPage","@id":"https:\/\/acditogo.org\/fr\/rural-healthcare-environment\/","url":"https:\/\/acditogo.org\/fr\/rural-healthcare-environment\/","name":"Rural healthcare ,hygiene and sanitation - ONG ACDI Togo","isPartOf":{"@id":"https:\/\/acditogo.org\/#website"},"datePublished":"2024-11-30T15:18:03+00:00","dateModified":"2024-12-10T13:59:22+00:00","breadcrumb":{"@id":"https:\/\/acditogo.org\/fr\/rural-healthcare-environment\/#breadcrumb"},"inLanguage":"fr-FR","potentialAction":[{"@type":"ReadAction","target":["https:\/\/acditogo.org\/fr\/rural-healthcare-environment\/"]}]},{"@type":"BreadcrumbList","@id":"https:\/\/acditogo.org\/fr\/rural-healthcare-environment\/#breadcrumb","itemListElement":[{"@type":"ListItem","position":1,"name":"Home","item":"https:\/\/acditogo.org\/"},{"@type":"ListItem","position":2,"name":"Rural healthcare ,hygiene and sanitation"}]},{"@type":"WebSite","@id":"https:\/\/acditogo.org\/#website","url":"https:\/\/acditogo.org\/","name":"ONG ACDI Togo","description":"ACDI has been steadfast in our commitment to fostering solidarity and sustainable development throughout Togo. We strive to uplift and empower underserved communities through innovative solutions and meaningful partnerships. From our headquarters in Lom\u00e9.","publisher":{"@id":"https:\/\/acditogo.org\/#organization"},"potentialAction":[{"@type":"SearchAction","target":{"@type":"EntryPoint","urlTemplate":"https:\/\/acditogo.org\/?s={search_term_string}"},"query-input":{"@type":"PropertyValueSpecification","valueRequired":true,"valueName":"search_term_string"}}],"inLanguage":"fr-FR"},{"@type":"Organization","@id":"https:\/\/acditogo.org\/#organization","name":"ACDI","url":"https:\/\/acditogo.org\/","logo":{"@type":"ImageObject","inLanguage":"fr-FR","@id":"https:\/\/acditogo.org\/#\/schema\/logo\/image\/","url":"https:\/\/acditogo.org\/wp-content\/uploads\/2024\/11\/307275006_404412328534829_4437087148622862411_n.png","contentUrl":"https:\/\/acditogo.org\/wp-content\/uploads\/2024\/11\/307275006_404412328534829_4437087148622862411_n.png","width":472,"height":472,"caption":"ACDI"},"image":{"@id":"https:\/\/acditogo.org\/#\/schema\/logo\/image\/"},"sameAs":["https:\/\/web.facebook.com\/profile.php?id=61564047366653","https:\/\/x.com\/Acdi2005"]}]}},"_links":{"self":[{"href":"https:\/\/acditogo.org\/fr\/wp-json\/wp\/v2\/pages\/735","targetHints":{"allow":["GET"]}}],"collection":[{"href":"https:\/\/acditogo.org\/fr\/wp-json\/wp\/v2\/pages"}],"about":[{"href":"https:\/\/acditogo.org\/fr\/wp-json\/wp\/v2\/types\/page"}],"author":[{"embeddable":true,"href":"https:\/\/acditogo.org\/fr\/wp-json\/wp\/v2\/users\/1"}],"replies":[{"embeddable":true,"href":"https:\/\/acditogo.org\/fr\/wp-json\/wp\/v2\/comments?post=735"}],"version-history":[{"count":6,"href":"https:\/\/acditogo.org\/fr\/wp-json\/wp\/v2\/pages\/735\/revisions"}],"predecessor-version":[{"id":832,"href":"https:\/\/acditogo.org\/fr\/wp-json\/wp\/v2\/pages\/735\/revisions\/832"}],"wp:attachment":[{"href":"https:\/\/acditogo.org\/fr\/wp-json\/wp\/v2\/media?parent=735"}],"curies":[{"name":"wp","href":"https:\/\/api.w.org\/{rel}","templated":true}]}}