{"id":395,"date":"2024-11-11T10:35:57","date_gmt":"2024-11-11T10:35:57","guid":{"rendered":"http:\/\/acditogo.org\/?page_id=395"},"modified":"2025-03-26T13:19:07","modified_gmt":"2025-03-26T13:19:07","slug":"who-we-are","status":"publish","type":"page","link":"https:\/\/acditogo.org\/fr\/who-we-are\/","title":{"rendered":"A propos"},"content":{"rendered":"<p>[et_pb_section fb_built=&#8221;1&#8243; _builder_version=&#8221;4.27.2&#8243; _module_preset=&#8221;default&#8221; top_divider_style=&#8221;asymmetric3&#8243; top_divider_color=&#8221;#b98b2d&#8221; da_disable_devices=&#8221;off|off|off&#8221; global_colors_info=&#8221;{}&#8221; da_is_popup=&#8221;off&#8221; da_exit_intent=&#8221;off&#8221; da_has_close=&#8221;on&#8221; da_alt_close=&#8221;off&#8221; da_dark_close=&#8221;off&#8221; da_not_modal=&#8221;on&#8221; da_is_singular=&#8221;off&#8221; da_with_loader=&#8221;off&#8221; da_has_shadow=&#8221;on&#8221;][et_pb_row _builder_version=&#8221;4.27.2&#8243; _module_preset=&#8221;default&#8221; global_colors_info=&#8221;{}&#8221;][et_pb_column type=&#8221;4_4&#8243; _builder_version=&#8221;4.27.2&#8243; _module_preset=&#8221;default&#8221; global_colors_info=&#8221;{}&#8221;][et_pb_post_title meta=&#8221;off&#8221; _builder_version=&#8221;4.27.2&#8243; _module_preset=&#8221;default&#8221; title_font=&#8221;|700|||||||&#8221; global_colors_info=&#8221;{}&#8221;][\/et_pb_post_title][\/et_pb_column][\/et_pb_row][\/et_pb_section][et_pb_section fb_built=&#8221;1&#8243; next_background_color=&#8221;rgba(224,153,0,0.72)&#8221; _builder_version=&#8221;4.27.2&#8243; _module_preset=&#8221;default&#8221; bottom_divider_style=&#8221;asymmetric3&#8243; da_disable_devices=&#8221;off|off|off&#8221; global_colors_info=&#8221;{}&#8221; da_is_popup=&#8221;off&#8221; da_exit_intent=&#8221;off&#8221; da_has_close=&#8221;on&#8221; da_alt_close=&#8221;off&#8221; da_dark_close=&#8221;off&#8221; da_not_modal=&#8221;on&#8221; da_is_singular=&#8221;off&#8221; da_with_loader=&#8221;off&#8221; da_has_shadow=&#8221;on&#8221;][et_pb_row column_structure=&#8221;3_5,2_5&#8243; _builder_version=&#8221;4.27.2&#8243; _module_preset=&#8221;default&#8221; custom_padding=&#8221;||90px||false|false&#8221; global_colors_info=&#8221;{}&#8221;][et_pb_column type=&#8221;3_5&#8243; _builder_version=&#8221;4.27.2&#8243; _module_preset=&#8221;default&#8221; global_colors_info=&#8221;{}&#8221;][et_pb_text _builder_version=&#8221;4.27.2&#8243; _module_preset=&#8221;default&#8221; text_font=&#8221;||||||||&#8221; text_font_size=&#8221;20px&#8221; text_line_height=&#8221;1.8em&#8221; global_colors_info=&#8221;{}&#8221;]<\/p>\n<p><strong>L'ACDI s'est fermement engag\u00e9e \u00e0 promouvoir la solidarit\u00e9 et le d\u00e9veloppement durable dans l'ensemble du Togo. Depuis notre si\u00e8ge \u00e0 Lom\u00e9, nous nous effor\u00e7ons d'\u00e9lever et d'autonomiser les communaut\u00e9s mal desservies par le biais de solutions innovantes et de partenariats significatifs.<\/strong><\/p>\n<p><strong>Nous avons \u00e9tendu nos efforts \u00e0 plusieurs r\u00e9gions, notamment les Plateaux, les Maritimes, le Centre, la Kara et la Savane. Dans chacune de ces r\u00e9gions.<\/strong><\/p>\n<p><strong>Notre travail est ax\u00e9 sur la cr\u00e9ation d'impacts durables. En nous engageant directement aupr\u00e8s des communaut\u00e9s locales, nous veillons \u00e0 ce que nos initiatives r\u00e9pondent \u00e0 leurs besoins sp\u00e9cifiques et favorisent la durabilit\u00e9 \u00e0 long terme.<\/strong><\/p>\n<h3 class=\"tm7\" style=\"text-align: left;\"><strong><span class=\"tm8\">\u00a0<\/span><\/strong><\/h3>\n<p>[\/et_pb_text][\/et_pb_column][et_pb_column type=&#8221;2_5&#8243; _builder_version=&#8221;4.27.2&#8243; _module_preset=&#8221;default&#8221; global_colors_info=&#8221;{}&#8221;][et_pb_image src=&#8221;http:\/\/acditogo.org\/wp-content\/uploads\/2024\/12\/WhatsApp-Image-2024-12-04-at-12.48.14.jpeg&#8221; alt=&#8221;ACDI Administrative Building Block&#8221; title_text=&#8221;ACDI Administrative Building Block&#8221; show_in_lightbox=&#8221;on&#8221; align=&#8221;center&#8221; _builder_version=&#8221;4.27.2&#8243; _module_preset=&#8221;default&#8221; custom_padding=&#8221;47px||||false|false&#8221; border_radii=&#8221;on|8px|8px|8px|8px&#8221; global_colors_info=&#8221;{}&#8221;][\/et_pb_image][et_pb_text _builder_version=&#8221;4.27.2&#8243; _module_preset=&#8221;default&#8221; global_colors_info=&#8221;{}&#8221;]<\/p>\n<p class=\"p1\" style=\"text-align: center;\">Bloc administratif de l'ACDI<\/p>\n<p>[\/et_pb_text][\/et_pb_column][\/et_pb_row][\/et_pb_section][et_pb_section fb_built=&#8221;1&#8243; _builder_version=&#8221;4.27.2&#8243; _module_preset=&#8221;default&#8221; background_color=&#8221;rgba(224,153,0,0.72)&#8221; background_enable_pattern_style=&#8221;on&#8221; background_pattern_style=&#8221;crosses&#8221; background_pattern_color=&#8221;rgba(224,153,0,0.47)&#8221; da_disable_devices=&#8221;off|off|off&#8221; global_colors_info=&#8221;{}&#8221; da_is_popup=&#8221;off&#8221; da_exit_intent=&#8221;off&#8221; da_has_close=&#8221;on&#8221; da_alt_close=&#8221;off&#8221; da_dark_close=&#8221;off&#8221; da_not_modal=&#8221;on&#8221; da_is_singular=&#8221;off&#8221; da_with_loader=&#8221;off&#8221; da_has_shadow=&#8221;on&#8221;][et_pb_row _builder_version=&#8221;4.27.2&#8243; _module_preset=&#8221;default&#8221; global_colors_info=&#8221;{}&#8221;][et_pb_column type=&#8221;4_4&#8243; _builder_version=&#8221;4.27.2&#8243; _module_preset=&#8221;default&#8221; global_colors_info=&#8221;{}&#8221;][et_pb_text _builder_version=&#8221;4.27.2&#8243; _module_preset=&#8221;default&#8221; global_colors_info=&#8221;{}&#8221;]<\/p>\n<h1 class=\"tm6\" style=\"text-align: center;\"><strong><span class=\"tm7\">Nos Missions<\/span><\/strong><\/h1>\n<p style=\"text-align: center;\"><strong><span class=\"tm7\">___________<\/span><\/strong><\/p>\n<p>[\/et_pb_text][et_pb_text _builder_version=&#8221;4.27.2&#8243; _module_preset=&#8221;default&#8221; text_font_size=&#8221;19px&#8221; text_line_height=&#8221;1.8em&#8221; header_2_line_height=&#8221;1.8em&#8221; custom_padding=&#8221;0px||||false|false&#8221; global_colors_info=&#8221;{}&#8221;]<\/p>\n<h2 class=\"tm6\" style=\"text-align: center;\"><span class=\"tm7\">Notre mission est d'am\u00e9liorer les conditions de vie des personnes d\u00e9favoris\u00e9es et de renforcer les communaut\u00e9s vuln\u00e9rables. Gr\u00e2ce \u00e0 des partenariats strat\u00e9giques et \u00e0 un engagement actif aupr\u00e8s des communaut\u00e9s locales, nous poursuivons un d\u00e9veloppement holistique, touchant tous les domaines de la vie\u00a0<\/span><span class=\"tm7\"> <\/span><span class=\"tm7\">de l'\u00e9ducation et des soins de sant\u00e9 \u00e0 l'autonomisation \u00e9conomique et \u00e0 la croissance spirituelle.<\/span><\/h2>\n<p><strong><span class=\"tm8\">\u00a0<\/span><\/strong><\/p>\n<p>[\/et_pb_text][\/et_pb_column][\/et_pb_row][\/et_pb_section][et_pb_section fb_built=&#8221;1&#8243; prev_background_color=&#8221;rgba(224,153,0,0.72)&#8221; next_background_color=&#8221;#00161e&#8221; _builder_version=&#8221;4.27.2&#8243; _module_preset=&#8221;default&#8221; background_color=&#8221;#efefef&#8221; custom_padding=&#8221;150px||100px||false|false&#8221; top_divider_style=&#8221;arrow3&#8243; bottom_divider_style=&#8221;ramp2&#8243; da_disable_devices=&#8221;off|off|off&#8221; global_colors_info=&#8221;{}&#8221; da_is_popup=&#8221;off&#8221; da_exit_intent=&#8221;off&#8221; da_has_close=&#8221;on&#8221; da_alt_close=&#8221;off&#8221; da_dark_close=&#8221;off&#8221; da_not_modal=&#8221;on&#8221; da_is_singular=&#8221;off&#8221; da_with_loader=&#8221;off&#8221; da_has_shadow=&#8221;on&#8221;][et_pb_row _builder_version=&#8221;4.27.2&#8243; _module_preset=&#8221;default&#8221; global_colors_info=&#8221;{}&#8221;][et_pb_column type=&#8221;4_4&#8243; _builder_version=&#8221;4.27.2&#8243; _module_preset=&#8221;default&#8221; global_colors_info=&#8221;{}&#8221;][et_pb_text _builder_version=&#8221;4.27.2&#8243; _module_preset=&#8221;default&#8221; global_colors_info=&#8221;{}&#8221;]<\/p>\n<h1 style=\"text-align: center;\"><strong><span class=\"tm7\">Notre vision<\/span><\/strong><\/h1>\n<p style=\"text-align: center;\"><strong><span class=\"tm7\">_____________<\/span><\/strong><\/p>\n<p>[\/et_pb_text][\/et_pb_column][\/et_pb_row][et_pb_row _builder_version=&#8221;4.27.2&#8243; _module_preset=&#8221;default&#8221; global_colors_info=&#8221;{}&#8221;][et_pb_column type=&#8221;4_4&#8243; _builder_version=&#8221;4.27.2&#8243; _module_preset=&#8221;default&#8221; global_colors_info=&#8221;{}&#8221;][et_pb_text _builder_version=&#8221;4.27.2&#8243; _module_preset=&#8221;default&#8221; text_font=&#8221;||||||||&#8221; text_font_size=&#8221;20px&#8221; text_line_height=&#8221;1.8em&#8221; header_2_line_height=&#8221;1.8em&#8221; global_colors_info=&#8221;{}&#8221;]<\/p>\n<h2 class=\"tm6\" style=\"text-align: center;\"><span class=\"tm8\">Nous envisageons un monde florissant o\u00f9 les communaut\u00e9s prosp\u00e8rent gr\u00e2ce \u00e0 des partenariats qui favorisent l'ind\u00e9pendance \u00e9conomique, le bien-\u00eatre holistique et l'\u00e9panouissement spirituel. En collaboration avec des organisations locales, des \u00e9glises et des communaut\u00e9s, nous nous concentrons sur des solutions durables qui r\u00e9pondent \u00e0 la fois aux besoins physiques et spirituels. En favorisant la r\u00e9silience et la transformation \u00e0 long terme, nous visons \u00e0 laisser un impact sur plusieurs g\u00e9n\u00e9rations.<\/span><\/h2>\n<p>[\/et_pb_text][\/et_pb_column][\/et_pb_row][et_pb_row column_structure=&#8221;2_5,3_5&#8243; _builder_version=&#8221;4.27.2&#8243; _module_preset=&#8221;default&#8221; global_colors_info=&#8221;{}&#8221;][et_pb_column type=&#8221;2_5&#8243; _builder_version=&#8221;4.27.2&#8243; _module_preset=&#8221;default&#8221; global_colors_info=&#8221;{}&#8221;][\/et_pb_column][et_pb_column type=&#8221;3_5&#8243; _builder_version=&#8221;4.27.2&#8243; _module_preset=&#8221;default&#8221; global_colors_info=&#8221;{}&#8221;][et_pb_text _builder_version=&#8221;4.27.2&#8243; _module_preset=&#8221;default&#8221; global_colors_info=&#8221;{}&#8221;][\/et_pb_text][\/et_pb_column][\/et_pb_row][\/et_pb_section][et_pb_section fb_built=&#8221;1&#8243; _builder_version=&#8221;4.27.2&#8243; _module_preset=&#8221;default&#8221; background_color=&#8221;#00161e&#8221; background_image=&#8221;http:\/\/acditogo.org\/wp-content\/uploads\/2024\/11\/IMG_2197.jpg&#8221; background_blend=&#8221;overlay&#8221; da_disable_devices=&#8221;off|off|off&#8221; global_colors_info=&#8221;{}&#8221; da_is_popup=&#8221;off&#8221; da_exit_intent=&#8221;off&#8221; da_has_close=&#8221;on&#8221; da_alt_close=&#8221;off&#8221; da_dark_close=&#8221;off&#8221; da_not_modal=&#8221;on&#8221; da_is_singular=&#8221;off&#8221; da_with_loader=&#8221;off&#8221; da_has_shadow=&#8221;on&#8221;][et_pb_row _builder_version=&#8221;4.27.2&#8243; _module_preset=&#8221;default&#8221; global_colors_info=&#8221;{}&#8221;][et_pb_column type=&#8221;4_4&#8243; _builder_version=&#8221;4.27.2&#8243; _module_preset=&#8221;default&#8221; global_colors_info=&#8221;{}&#8221;][et_pb_text _builder_version=&#8221;4.27.2&#8243; _module_preset=&#8221;default&#8221; text_font=&#8221;|700|||||||&#8221; text_text_color=&#8221;#FFFFFF&#8221; header_font=&#8221;|700|||||||&#8221; header_text_align=&#8221;center&#8221; header_text_color=&#8221;#FFFFFF&#8221; global_colors_info=&#8221;{}&#8221;]<\/p>\n<h1 class=\"tm6\"><strong><span class=\"tm7\">Nos valeurs fondamentales<\/span><\/strong><\/h1>\n<p>[\/et_pb_text][et_pb_text _builder_version=&#8221;4.27.2&#8243; _module_preset=&#8221;default&#8221; text_font=&#8221;||||||||&#8221; text_text_color=&#8221;#FFFFFF&#8221; global_colors_info=&#8221;{}&#8221;]<\/p>\n<p class=\"tm6\"><span class=\"tm7\"><\/span><strong><span class=\"tm8\">\u00b7 <\/span><\/strong><span style=\"font-size: x-large;\"><strong><span class=\"tm7\"><\/span><span class=\"tm9\">L'accent est mis sur les communaut\u00e9s vuln\u00e9rables<\/span><\/strong><span class=\"tm7\"> <\/span><\/span><\/p>\n<p class=\"tm6\"><span class=\"tm7\" style=\"font-size: x-large;\">Nous donnons la priorit\u00e9 \u00e0 ceux qui ont un acc\u00e8s limit\u00e9 aux ressources essentielles, notamment \u00e0 l'\u00e9ducation, aux soins de sant\u00e9 et aux opportunit\u00e9s \u00e9conomiques.<\/span><\/p>\n<p class=\"tm6\"><span style=\"font-size: x-large;\"><span class=\"tm7\"><\/span><strong><span class=\"tm8\">\u00b7 <\/span><span class=\"tm7\"><\/span><span class=\"tm9\">Croissance spirituelle<\/span><\/strong><\/span><\/p>\n<p class=\"tm6\"><span class=\"tm7\" style=\"font-size: x-large;\"> Notre travail est ancr\u00e9 dans des principes bibliques qui inspirent l'espoir, l'int\u00e9grit\u00e9 et le leadership moral.<\/span><\/p>\n<p class=\"tm6\"><span style=\"font-size: x-large;\"><span class=\"tm7\"><\/span><strong><span class=\"tm8\">\u00b7 <\/span><span class=\"tm7\"><\/span><span class=\"tm9\">Leadership en mati\u00e8re de qualit\u00e9 :<\/span><\/strong><span class=\"tm7\"> <\/span><\/span><\/p>\n<p class=\"tm6\"><span class=\"tm7\" style=\"font-size: x-large;\">Nous encourageons un leadership compatissant, visionnaire et orient\u00e9 vers le service.<\/span><\/p>\n<p class=\"tm6\"><span style=\"font-size: x-large;\"><span class=\"tm7\"><\/span><strong><span class=\"tm8\">\u00b7 <\/span><span class=\"tm7\"><\/span><span class=\"tm9\">Partenariats strat\u00e9giques :<\/span><\/strong><span class=\"tm7\"> <\/span><\/span><\/p>\n<p class=\"tm6\"><span class=\"tm7\" style=\"font-size: x-large;\">La collaboration avec les dirigeants locaux garantit la pertinence culturelle et l'impact de nos programmes.<\/span><\/p>\n<p class=\"tm6\"><span style=\"font-size: x-large;\"><span class=\"tm7\"><\/span><strong><span class=\"tm8\">\u00b7 <\/span><span class=\"tm7\"><\/span><span class=\"tm9\">Engagement actif :<\/span><\/strong><span class=\"tm7\"> <\/span><\/span><\/p>\n<p class=\"tm6\"><span class=\"tm7\" style=\"font-size: x-large;\">Nous travaillons en \u00e9troite collaboration avec les communaut\u00e9s afin de comprendre leurs d\u00e9fis et de co-cr\u00e9er des solutions durables.<\/span><\/p>\n<p class=\"tm6\"><span style=\"font-size: x-large;\"><span class=\"tm7\"><\/span><strong><span class=\"tm8\">\u00b7 <\/span><span class=\"tm7\"><\/span><span class=\"tm9\">Durabilit\u00e9 :<\/span><\/strong><\/span><\/p>\n<p class=\"tm6\"><span class=\"tm7\" style=\"font-size: x-large;\"> Chaque projet est con\u00e7u en tenant compte de son impact \u00e0 long terme, ce qui garantit des avantages qui perdurent pendant des ann\u00e9es. <\/span><\/p>\n<p>[\/et_pb_text][\/et_pb_column][\/et_pb_row][\/et_pb_section][et_pb_section fb_built=&#8221;1&#8243; _builder_version=&#8221;4.27.2&#8243; _module_preset=&#8221;default&#8221; da_disable_devices=&#8221;off|off|off&#8221; global_colors_info=&#8221;{}&#8221; da_is_popup=&#8221;off&#8221; da_exit_intent=&#8221;off&#8221; da_has_close=&#8221;on&#8221; da_alt_close=&#8221;off&#8221; da_dark_close=&#8221;off&#8221; da_not_modal=&#8221;on&#8221; da_is_singular=&#8221;off&#8221; da_with_loader=&#8221;off&#8221; da_has_shadow=&#8221;on&#8221;][et_pb_row _builder_version=&#8221;4.27.2&#8243; _module_preset=&#8221;default&#8221; global_colors_info=&#8221;{}&#8221;][et_pb_column type=&#8221;4_4&#8243; _builder_version=&#8221;4.27.2&#8243; _module_preset=&#8221;default&#8221; global_colors_info=&#8221;{}&#8221;][et_pb_gallery gallery_ids=&#8221;553,544,513,512,491,522&#8243; gallery_orderby=&#8221;rand&#8221; orientation=&#8221;portrait&#8221; show_title_and_caption=&#8221;off&#8221; _builder_version=&#8221;4.27.2&#8243; _module_preset=&#8221;default&#8221; global_colors_info=&#8221;{}&#8221;][\/et_pb_gallery][\/et_pb_column][\/et_pb_row][\/et_pb_section]<\/p>","protected":false},"excerpt":{"rendered":"<p>ACDI has been steadfast in our commitment to fostering solidarity and sustainable development throughout Togo. We strive to uplift and empower underserved communities through innovative solutions and meaningful partnerships from our headquarters in Lom\u00e9. We have expanded our efforts to serve multiple regions, including the Plateaux, Maritime, Central, Kara, and Savannah areas. In each of [&hellip;]<\/p>","protected":false},"author":1,"featured_media":0,"parent":0,"menu_order":0,"comment_status":"closed","ping_status":"closed","template":"","meta":{"_et_pb_use_builder":"on","_et_pb_old_content":"","_et_gb_content_width":"","footnotes":""},"class_list":["post-395","page","type-page","status-publish","hentry"],"yoast_head":"<!-- This site is optimized with the Yoast SEO plugin v24.0 - https:\/\/yoast.com\/wordpress\/plugins\/seo\/ -->\n<title>Who We Are - ONG ACDI Togo<\/title>\n<meta name=\"robots\" content=\"index, follow, max-snippet:-1, max-image-preview:large, max-video-preview:-1\" \/>\n<link rel=\"canonical\" href=\"https:\/\/acditogo.org\/fr\/who-we-are\/\" \/>\n<meta property=\"og:locale\" content=\"fr_FR\" \/>\n<meta property=\"og:type\" content=\"article\" \/>\n<meta property=\"og:title\" content=\"Who We Are - ONG ACDI Togo\" \/>\n<meta property=\"og:description\" content=\"ACDI has been steadfast in our commitment to fostering solidarity and sustainable development throughout Togo. We strive to uplift and empower underserved communities through innovative solutions and meaningful partnerships from our headquarters in Lom\u00e9. We have expanded our efforts to serve multiple regions, including the Plateaux, Maritime, Central, Kara, and Savannah areas. In each of [&hellip;]\" \/>\n<meta property=\"og:url\" content=\"https:\/\/acditogo.org\/fr\/who-we-are\/\" \/>\n<meta property=\"og:site_name\" content=\"ONG ACDI Togo\" \/>\n<meta property=\"article:publisher\" content=\"https:\/\/web.facebook.com\/profile.php?id=61564047366653\" \/>\n<meta property=\"article:modified_time\" content=\"2025-03-26T13:19:07+00:00\" \/>\n<meta name=\"twitter:card\" content=\"summary_large_image\" \/>\n<meta name=\"twitter:site\" content=\"@Acdi2005\" \/>\n<script type=\"application\/ld+json\" class=\"yoast-schema-graph\">{\"@context\":\"https:\/\/schema.org\",\"@graph\":[{\"@type\":\"WebPage\",\"@id\":\"https:\/\/acditogo.org\/who-we-are\/\",\"url\":\"https:\/\/acditogo.org\/who-we-are\/\",\"name\":\"Who We Are - ONG ACDI Togo\",\"isPartOf\":{\"@id\":\"https:\/\/acditogo.org\/#website\"},\"datePublished\":\"2024-11-11T10:35:57+00:00\",\"dateModified\":\"2025-03-26T13:19:07+00:00\",\"breadcrumb\":{\"@id\":\"https:\/\/acditogo.org\/who-we-are\/#breadcrumb\"},\"inLanguage\":\"fr-FR\",\"potentialAction\":[{\"@type\":\"ReadAction\",\"target\":[\"https:\/\/acditogo.org\/who-we-are\/\"]}]},{\"@type\":\"BreadcrumbList\",\"@id\":\"https:\/\/acditogo.org\/who-we-are\/#breadcrumb\",\"itemListElement\":[{\"@type\":\"ListItem\",\"position\":1,\"name\":\"Home\",\"item\":\"https:\/\/acditogo.org\/\"},{\"@type\":\"ListItem\",\"position\":2,\"name\":\"Who We Are\"}]},{\"@type\":\"WebSite\",\"@id\":\"https:\/\/acditogo.org\/#website\",\"url\":\"https:\/\/acditogo.org\/\",\"name\":\"ONG ACDI Togo\",\"description\":\"ACDI has been steadfast in our commitment to fostering solidarity and sustainable development throughout Togo. We strive to uplift and empower underserved communities through innovative solutions and meaningful partnerships. From our headquarters in Lom\u00e9.\",\"publisher\":{\"@id\":\"https:\/\/acditogo.org\/#organization\"},\"potentialAction\":[{\"@type\":\"SearchAction\",\"target\":{\"@type\":\"EntryPoint\",\"urlTemplate\":\"https:\/\/acditogo.org\/?s={search_term_string}\"},\"query-input\":{\"@type\":\"PropertyValueSpecification\",\"valueRequired\":true,\"valueName\":\"search_term_string\"}}],\"inLanguage\":\"fr-FR\"},{\"@type\":\"Organization\",\"@id\":\"https:\/\/acditogo.org\/#organization\",\"name\":\"ACDI\",\"url\":\"https:\/\/acditogo.org\/\",\"logo\":{\"@type\":\"ImageObject\",\"inLanguage\":\"fr-FR\",\"@id\":\"https:\/\/acditogo.org\/#\/schema\/logo\/image\/\",\"url\":\"https:\/\/acditogo.org\/wp-content\/uploads\/2024\/11\/307275006_404412328534829_4437087148622862411_n.png\",\"contentUrl\":\"https:\/\/acditogo.org\/wp-content\/uploads\/2024\/11\/307275006_404412328534829_4437087148622862411_n.png\",\"width\":472,\"height\":472,\"caption\":\"ACDI\"},\"image\":{\"@id\":\"https:\/\/acditogo.org\/#\/schema\/logo\/image\/\"},\"sameAs\":[\"https:\/\/web.facebook.com\/profile.php?id=61564047366653\",\"https:\/\/x.com\/Acdi2005\"]}]}<\/script>\n<!-- \/ Yoast SEO plugin. -->","yoast_head_json":{"title":"Who We Are - ONG ACDI Togo","robots":{"index":"index","follow":"follow","max-snippet":"max-snippet:-1","max-image-preview":"max-image-preview:large","max-video-preview":"max-video-preview:-1"},"canonical":"https:\/\/acditogo.org\/fr\/who-we-are\/","og_locale":"fr_FR","og_type":"article","og_title":"Who We Are - ONG ACDI Togo","og_description":"ACDI has been steadfast in our commitment to fostering solidarity and sustainable development throughout Togo. We strive to uplift and empower underserved communities through innovative solutions and meaningful partnerships from our headquarters in Lom\u00e9. We have expanded our efforts to serve multiple regions, including the Plateaux, Maritime, Central, Kara, and Savannah areas. In each of [&hellip;]","og_url":"https:\/\/acditogo.org\/fr\/who-we-are\/","og_site_name":"ONG ACDI Togo","article_publisher":"https:\/\/web.facebook.com\/profile.php?id=61564047366653","article_modified_time":"2025-03-26T13:19:07+00:00","twitter_card":"summary_large_image","twitter_site":"@Acdi2005","schema":{"@context":"https:\/\/schema.org","@graph":[{"@type":"WebPage","@id":"https:\/\/acditogo.org\/who-we-are\/","url":"https:\/\/acditogo.org\/who-we-are\/","name":"Who We Are - ONG ACDI Togo","isPartOf":{"@id":"https:\/\/acditogo.org\/#website"},"datePublished":"2024-11-11T10:35:57+00:00","dateModified":"2025-03-26T13:19:07+00:00","breadcrumb":{"@id":"https:\/\/acditogo.org\/who-we-are\/#breadcrumb"},"inLanguage":"fr-FR","potentialAction":[{"@type":"ReadAction","target":["https:\/\/acditogo.org\/who-we-are\/"]}]},{"@type":"BreadcrumbList","@id":"https:\/\/acditogo.org\/who-we-are\/#breadcrumb","itemListElement":[{"@type":"ListItem","position":1,"name":"Home","item":"https:\/\/acditogo.org\/"},{"@type":"ListItem","position":2,"name":"Who We Are"}]},{"@type":"WebSite","@id":"https:\/\/acditogo.org\/#website","url":"https:\/\/acditogo.org\/","name":"ONG ACDI Togo","description":"ACDI has been steadfast in our commitment to fostering solidarity and sustainable development throughout Togo. We strive to uplift and empower underserved communities through innovative solutions and meaningful partnerships. From our headquarters in Lom\u00e9.","publisher":{"@id":"https:\/\/acditogo.org\/#organization"},"potentialAction":[{"@type":"SearchAction","target":{"@type":"EntryPoint","urlTemplate":"https:\/\/acditogo.org\/?s={search_term_string}"},"query-input":{"@type":"PropertyValueSpecification","valueRequired":true,"valueName":"search_term_string"}}],"inLanguage":"fr-FR"},{"@type":"Organization","@id":"https:\/\/acditogo.org\/#organization","name":"ACDI","url":"https:\/\/acditogo.org\/","logo":{"@type":"ImageObject","inLanguage":"fr-FR","@id":"https:\/\/acditogo.org\/#\/schema\/logo\/image\/","url":"https:\/\/acditogo.org\/wp-content\/uploads\/2024\/11\/307275006_404412328534829_4437087148622862411_n.png","contentUrl":"https:\/\/acditogo.org\/wp-content\/uploads\/2024\/11\/307275006_404412328534829_4437087148622862411_n.png","width":472,"height":472,"caption":"ACDI"},"image":{"@id":"https:\/\/acditogo.org\/#\/schema\/logo\/image\/"},"sameAs":["https:\/\/web.facebook.com\/profile.php?id=61564047366653","https:\/\/x.com\/Acdi2005"]}]}},"_links":{"self":[{"href":"https:\/\/acditogo.org\/fr\/wp-json\/wp\/v2\/pages\/395","targetHints":{"allow":["GET"]}}],"collection":[{"href":"https:\/\/acditogo.org\/fr\/wp-json\/wp\/v2\/pages"}],"about":[{"href":"https:\/\/acditogo.org\/fr\/wp-json\/wp\/v2\/types\/page"}],"author":[{"embeddable":true,"href":"https:\/\/acditogo.org\/fr\/wp-json\/wp\/v2\/users\/1"}],"replies":[{"embeddable":true,"href":"https:\/\/acditogo.org\/fr\/wp-json\/wp\/v2\/comments?post=395"}],"version-history":[{"count":22,"href":"https:\/\/acditogo.org\/fr\/wp-json\/wp\/v2\/pages\/395\/revisions"}],"predecessor-version":[{"id":956,"href":"https:\/\/acditogo.org\/fr\/wp-json\/wp\/v2\/pages\/395\/revisions\/956"}],"wp:attachment":[{"href":"https:\/\/acditogo.org\/fr\/wp-json\/wp\/v2\/media?parent=395"}],"curies":[{"name":"wp","href":"https:\/\/api.w.org\/{rel}","templated":true}]}}